{"id":3433,"date":"2025-06-12T10:04:12","date_gmt":"2025-06-12T10:04:12","guid":{"rendered":"https:\/\/byumbral.com\/?page_id=3433"},"modified":"2025-06-12T10:18:34","modified_gmt":"2025-06-12T10:18:34","slug":"obrigado","status":"publish","type":"page","link":"https:\/\/byumbral.com\/en\/obrigado\/","title":{"rendered":"Thank you"},"content":{"rendered":"<div data-elementor-type=\"wp-page\" data-elementor-id=\"3433\" class=\"elementor elementor-3433\" data-elementor-post-type=\"page\">\n\t\t\t\t<div class=\"elementor-element elementor-element-9b95aa8 e-flex e-con-boxed e-con e-parent\" data-id=\"9b95aa8\" data-element_type=\"container\" data-settings=\"{&quot;background_background&quot;:&quot;classic&quot;,&quot;jet_parallax_layout_list&quot;:[]}\">\n\t\t\t\t\t<div class=\"e-con-inner\">\n\t\t\t\t<div class=\"elementor-element elementor-element-0505cdf elementor-widget elementor-widget-heading\" data-id=\"0505cdf\" data-element_type=\"widget\" data-widget_type=\"heading.default\">\n\t\t\t\t<div class=\"elementor-widget-container\">\n\t\t\t\t\t<h1 class=\"elementor-heading-title elementor-size-default\">Thank you!<\/h1>\t\t\t\t<\/div>\n\t\t\t\t<\/div>\n\t\t\t\t<div class=\"elementor-element elementor-element-306c3d5 elementor-widget elementor-widget-heading\" data-id=\"306c3d5\" data-element_type=\"widget\" data-widget_type=\"heading.default\">\n\t\t\t\t<div class=\"elementor-widget-container\">\n\t\t\t\t\t<h2 class=\"elementor-heading-title elementor-size-default\">Your message has reached us.<\/h2>\t\t\t\t<\/div>\n\t\t\t\t<\/div>\n\t\t\t\t<div class=\"elementor-element elementor-element-ffca839 elementor-widget__width-initial elementor-widget elementor-widget-text-editor\" data-id=\"ffca839\" data-element_type=\"widget\" data-widget_type=\"text-editor.default\">\n\t\t\t\t<div class=\"elementor-widget-container\">\n\t\t\t\t\t\t\t\t\t<p>Our team is already rubbing its eyes, putting down the coffee and getting ready to get back to you as quickly as possible.<\/p><p>While you wait, take the opportunity to dream about your next getaway.<\/p><p>Visit our social networks<\/p>\t\t\t\t\t\t\t\t<\/div>\n\t\t\t\t<\/div>\n\t\t\t\t<div class=\"elementor-element elementor-element-2c05dc5 e-grid-align-tablet-left elementor-shape-rounded elementor-grid-0 e-grid-align-center elementor-widget elementor-widget-social-icons\" data-id=\"2c05dc5\" data-element_type=\"widget\" data-widget_type=\"social-icons.default\">\n\t\t\t\t<div class=\"elementor-widget-container\">\n\t\t\t\t\t\t\t<div class=\"elementor-social-icons-wrapper elementor-grid\" role=\"list\">\n\t\t\t\t\t\t\t<span class=\"elementor-grid-item\" role=\"listitem\">\n\t\t\t\t\t<a class=\"elementor-icon elementor-social-icon elementor-social-icon- elementor-repeater-item-8fd237d\" href=\"https:\/\/www.instagram.com\/byumbral\/\" target=\"_blank\" rel=\"noopener\">\n\t\t\t\t\t\t<span class=\"elementor-screen-only\"><\/span>\n\t\t\t\t\t\t<svg xmlns=\"http:\/\/www.w3.org\/2000\/svg\" xmlns:xlink=\"http:\/\/www.w3.org\/1999\/xlink\" width=\"32\" height=\"32\" viewbox=\"0 0 32 32\" fill=\"none\"><rect width=\"32\" height=\"32\" fill=\"url(#pattern0_81_1116)\"><\/rect><defs><pattern id=\"pattern0_81_1116\" patterncontentunits=\"objectBoundingBox\" width=\"1\" height=\"1\"><use xlink:href=\"#image0_81_1116\" transform=\"scale(0.01)\"><\/use><\/pattern><image id=\"image0_81_1116\" width=\"100\" height=\"100\" xlink:href=\"data:image\/png;base64,iVBORw0KGgoAAAANSUhEUgAAAGQAAABkCAYAAABw4pVUAAAACXBIWXMAAAsTAAALEwEAmpwYAAAFyElEQVR4nO2dTWxVRRTHnxihNQFjqWuRqkjiF\/gVdaFpCoqCJKTgx1pBxD2gIW79aozBj7BGTCMhxE3LR9wUwdogG6lE2ioRVlhcWF9iK+nPnHAa2\/G+R9+9c+\/MfTO\/5CVN03fn3Pn33pk5Z86ZSiUSiUQikUgkUlKAFcA24HPgG2AU+AOYwj+m1LZRtfUztf3uSpkBHgB6gIs0D78BHwL3V8oAcAPwPHCS5udb4Dm554qPAA8D3xMe3wGrK74AtAAfA1cJl6vAR8Ai12LcBZxx3Rse8QPQ4UqMR4HfXfeAh8gM7cmixVgLVF3fucf8BawpSozHtMFIfaq5Pyk6Zly5jiGR\/xgHluclxiIdtCKNcTqX2ZdObSPp6LEtxkOBrzOyIn23yqY7JMQVuG1O2hJkvXXTwuUZG4KE4CgsihM2XOghcxHoBhbrZxNwPuM178siiMQzQhajLaFP2oBLGa77fhZBmim41CjddfplC+m5kCXsGjKL6\/TNLRmvfWcaQV4nbJbkKMjWNIJIcD9kNtXpGxnos\/BJGkFkx4VvTAB9wE5dH8lr9VbgJv3Iz\/cAG4Bd+rfynTT8DCytMaiPZLyP42kE+RU\/mNaO3ZzGSachZhmE+\/VajXBJv7tEP90WxBDG0ggirmPXHLS55UbXVYdc35REWtMYP+nQ4BGgy5YQNSKeshHOFX+nMdoVB64z5ewAtgNf6gaLcd1tOKU\/n9FrbK8XHNJXUK+rmyyDINPA2zVsuRF4STenNTIOTOt3XgQW1Lj2HhzguyDScW\/UsKMLOGehjWGgs0YbOygY3wX535MBtAL7cmhL1lctrp8UnwU5kND2bcBQjm0OAu0J7faGLsiIOYBzTYyfCmh72BRFB\/qxkAXpSnhNDVEcg+brS6J6oQpyMKHNfRTPpwl2HA5NkGlzBa6zKVd0JqzoG3WzlFqQvoR1xjncMWyuU4AjIQkyJxoHvIx7thRpk0+C\/JkwkMpq2jUDCROMagiC9CX4pnJ9X88TsWGZYdtRAhBkp9GOOAF9YZth2+4QBFlvtCOeWV\/Yb9j2QgiCzEnA9yxH8bRhm4SDm16QpR5GJme4bNjWTgCCLPQoMlk3kqdJSrkQBZkfQQoSX1n4JciKEg3qK0MQZEOJpr0bQxBkl8cLw62GbW+FIEi\/0c5yj1wntxu2HQtBkImSOBdvDsW5mOTqlj1Xrtls2PRKno35Jkh\/QoBqGHf8mBCgys3T66Mg02YVNuAph2OJGcJ9MLQQrnDIkyShvQl2fJ13oz4KIqxNyOUYpDhOmTknwLoiGvZVkFEzl49rHtYixpOzCW4cyR38JWRBhN6EtttzflJO1UhX+4qC8FkQYU9C+y2yic1yOzJQ701KjQPeoUB8F0TYUcOOTkuvMJnaPl2jjTcpmDIIkvikqC0LNPlyIEXCzoAmjNZK2Cn0ySibIGhKQL2k\/WVaHP8LLZ83rlHHSS1bK7\/bL45Cc1tPwgAuSaWURRCXodUxK7Wlat\/buqJmUzaTPn3YfHBYVs0WhVhVxKIvr7Rol\/9B5jhwRB2QrSnuo1UdhUc9cfMLo81SWqOqHbtbo3krtdTFQv206e82anDpmKcVuFOV1pDTcCL5kKr4jMxkIvnwWhpBQi9glifpjrTQM5cidklX4k8FkQOwInZ5N4sg91o2JkKGMrEe7QhpFubsbEkriBwNF8khQpqlGL8cDRdxWWbcEGV1PK4i83EV1nxyM6LIOX2RdHxgVYxZySsSa4g0xpCZNWZTlA5P3PJl4TJwRy5izBLlkQzFiUOiCjyeqxizRFkTzzKsy0SeZW7rPSnySEbmIuc8PlGoGEayTRzo5w7g+Y4Z85x99QR+rN4\/MrXNbTaVBt3CH+IBYiekAl3FV4Bn1chmZ8CKb6ooxM0sB2BJQIbm4QLwnoQlKmVGzlySOLJunj6u9XqveFbnZIZJte282io2v5rq3KhIJBKJRCKRSMUP\/gWUMKw0oBVriwAAAABJRU5ErkJggg==\"><\/image><\/defs><\/svg>\t\t\t\t\t<\/a>\n\t\t\t\t<\/span>\n\t\t\t\t\t\t\t<span class=\"elementor-grid-item\" role=\"listitem\">\n\t\t\t\t\t<a class=\"elementor-icon elementor-social-icon elementor-social-icon- elementor-repeater-item-0373302\" href=\"https:\/\/www.facebook.com\/byumbral\/\" target=\"_blank\" rel=\"noopener\">\n\t\t\t\t\t\t<span class=\"elementor-screen-only\"><\/span>\n\t\t\t\t\t\t<svg xmlns=\"http:\/\/www.w3.org\/2000\/svg\" xmlns:xlink=\"http:\/\/www.w3.org\/1999\/xlink\" width=\"32\" height=\"32\" viewbox=\"0 0 32 32\" fill=\"none\"><rect width=\"32\" height=\"32\" fill=\"url(#pattern0_81_1115)\"><\/rect><defs><pattern id=\"pattern0_81_1115\" patterncontentunits=\"objectBoundingBox\" width=\"1\" height=\"1\"><use xlink:href=\"#image0_81_1115\" transform=\"scale(0.01)\"><\/use><\/pattern><image id=\"image0_81_1115\" width=\"100\" height=\"100\" xlink:href=\"data:image\/png;base64,iVBORw0KGgoAAAANSUhEUgAAAGQAAABkCAYAAABw4pVUAAAACXBIWXMAAAsTAAALEwEAmpwYAAACz0lEQVR4nO2du2pUURSGF\/GCYGWploKC5gWsbOxEjWj0bSQQNFF8AGuvVTofwM5OsdF4iY1gHxLEyk82DhhlYM\/krHPm387\/PcG\/1rfOWWfODLMjjDHGGGOMMaYBgMPALeAZsAnsYnZHvSg9uVl6NJSM68CW+1\/lM3CtTxEHgAf1HOYf7gMLfQixjP1zr4\/blOnGUuYCL\/dD040vKYt+9DRlcljOEPI8KYyBJxlCPrqTaWxmCNnJyzP37GQIMYlYiBgWIoaFiGEhYliIGBYihoWIYSFiWIgYFjKet8Bt4AJwGjgKHASOAWeAS+VLJeAN8JNELORvSoPPT\/nq6BywQRIW8oe75XcBs36nZyG\/We\/aCJKwENjo3AQLSWMbOGkhOqxmyPAVkkN5XD1lITq8zJLhKySHOxbS6C8FgUXgIfAa+Ap87yuUzKU6A85OWN9F4MdQoeZZyPEJ63s1ZKh5FnJkwvp6uz2NY26FhGh9FlLBQsQmEdFcMoGzUK3PQipYiNgkIppLJvBghU3XgxMyuRElBgS4LJMbUWJAgBWZ3IgSAwK8kMmNKDEgwDeZ3IgSDS70lNyIEg0u9JTciBINLvSU3IgSDS70lNyIEg0u9JTcNEqI1mchFSxEbBIRzSUTOAvV+iykgoWITSKiuWQCZ6Fan4VUsBCxSUQ0l0zgLFTrs5AKFiI2iYjmkgmchWp9FlLBQsQmEdFcMoGzUK3PQipYiNgkIppLJnAWqvVZSAULEZtERHPJBM5CtT4LqWAhYpOIaK7\/7kCX0BSynSHkAw0SmkLeZwh5SoOEppBHGULKQbvNEZpCbmQIOQR8ojFCT8hW2gnS5dRjGiO0hJT\/f7ySImNP8HLqsdkfa6kyRkIWRn9Qb6a7MtZ7Ob57j5ilFnfKDCgnpF7tTcSYRb9cznYtz9atfnhMpvTgHfC4PE2VHg0iwxhjjDHGGGOiG78An9kfoaMixioAAAAASUVORK5CYII=\"><\/image><\/defs><\/svg>\t\t\t\t\t<\/a>\n\t\t\t\t<\/span>\n\t\t\t\t\t<\/div>\n\t\t\t\t\t\t<\/div>\n\t\t\t\t<\/div>\n\t\t\t\t\t<\/div>\n\t\t\t\t<\/div>\n\t\t\t\t<\/div>","protected":false},"excerpt":{"rendered":"<p>Obrigado! A tua mensagem chegou at\u00e9 n\u00f3s. A nossa equipa j\u00e1 est\u00e1 a esfregar os olhos, a pousar o caf\u00e9 e a preparar-se para te responder o mais rapidamente poss\u00edvel. Enquanto esperas, aproveita para sonhar com a tua pr\u00f3xima escapadinha. Visita as nossas redes sociais<\/p>","protected":false},"author":1,"featured_media":0,"parent":0,"menu_order":0,"comment_status":"closed","ping_status":"closed","template":"","meta":{"footnotes":""},"class_list":["post-3433","page","type-page","status-publish","hentry"],"_links":{"self":[{"href":"https:\/\/byumbral.com\/en\/wp-json\/wp\/v2\/pages\/3433","targetHints":{"allow":["GET"]}}],"collection":[{"href":"https:\/\/byumbral.com\/en\/wp-json\/wp\/v2\/pages"}],"about":[{"href":"https:\/\/byumbral.com\/en\/wp-json\/wp\/v2\/types\/page"}],"author":[{"embeddable":true,"href":"https:\/\/byumbral.com\/en\/wp-json\/wp\/v2\/users\/1"}],"replies":[{"embeddable":true,"href":"https:\/\/byumbral.com\/en\/wp-json\/wp\/v2\/comments?post=3433"}],"version-history":[{"count":0,"href":"https:\/\/byumbral.com\/en\/wp-json\/wp\/v2\/pages\/3433\/revisions"}],"wp:attachment":[{"href":"https:\/\/byumbral.com\/en\/wp-json\/wp\/v2\/media?parent=3433"}],"curies":[{"name":"wp","href":"https:\/\/api.w.org\/{rel}","templated":true}]}}