{"id":17,"date":"2025-01-09T17:05:02","date_gmt":"2025-01-09T17:05:02","guid":{"rendered":"https:\/\/byumbral.com\/?page_id=17"},"modified":"2025-11-12T17:25:12","modified_gmt":"2025-11-12T17:25:12","slug":"contactos","status":"publish","type":"page","link":"https:\/\/byumbral.com\/fr\/contactos\/","title":{"rendered":"Contact"},"content":{"rendered":"<div data-elementor-type=\"wp-page\" data-elementor-id=\"17\" class=\"elementor elementor-17\" data-elementor-post-type=\"page\">\n\t\t\t\t<div class=\"elementor-element elementor-element-3c25a27 e-flex e-con-boxed e-con e-parent\" data-id=\"3c25a27\" data-element_type=\"container\" data-settings=\"{&quot;jet_parallax_layout_list&quot;:[]}\">\n\t\t\t\t\t<div class=\"e-con-inner\">\n\t\t<div class=\"elementor-element elementor-element-fe821c9 e-con-full e-flex e-con e-child\" data-id=\"fe821c9\" data-element_type=\"container\" data-settings=\"{&quot;background_background&quot;:&quot;classic&quot;,&quot;jet_parallax_layout_list&quot;:[]}\">\n\t\t<div class=\"elementor-element elementor-element-7d98868 e-con-full e-flex e-con e-child\" data-id=\"7d98868\" data-element_type=\"container\" data-settings=\"{&quot;jet_parallax_layout_list&quot;:[]}\">\n\t\t\t\t<div class=\"elementor-element elementor-element-9d775c1 elementor-widget elementor-widget-heading\" data-id=\"9d775c1\" data-element_type=\"widget\" data-widget_type=\"heading.default\">\n\t\t\t\t<div class=\"elementor-widget-container\">\n\t\t\t\t\t<h2 class=\"elementor-heading-title elementor-size-default\">Pouvons-nous parler ?<\/h2>\t\t\t\t<\/div>\n\t\t\t\t<\/div>\n\t\t\t\t<div class=\"elementor-element elementor-element-7bf47bd elementor-widget elementor-widget-heading\" data-id=\"7bf47bd\" data-element_type=\"widget\" data-widget_type=\"heading.default\">\n\t\t\t\t<div class=\"elementor-widget-container\">\n\t\t\t\t\t<h1 class=\"elementor-heading-title elementor-size-default\">Contact<\/h1>\t\t\t\t<\/div>\n\t\t\t\t<\/div>\n\t\t\t\t<\/div>\n\t\t<div class=\"elementor-element elementor-element-8e77b7a e-con-full e-flex e-con e-child\" data-id=\"8e77b7a\" data-element_type=\"container\" data-settings=\"{&quot;jet_parallax_layout_list&quot;:[]}\">\n\t\t<div class=\"elementor-element elementor-element-98e362b e-con-full e-flex e-con e-child\" data-id=\"98e362b\" data-element_type=\"container\" data-settings=\"{&quot;background_background&quot;:&quot;classic&quot;,&quot;jet_parallax_layout_list&quot;:[]}\">\n\t\t<div class=\"elementor-element elementor-element-0d090ad e-con-full e-flex e-con e-child\" data-id=\"0d090ad\" data-element_type=\"container\" data-settings=\"{&quot;jet_parallax_layout_list&quot;:[]}\">\n\t\t\t\t<div class=\"elementor-element elementor-element-cd28af9 elementor-widget elementor-widget-heading\" data-id=\"cd28af9\" data-element_type=\"widget\" data-widget_type=\"heading.default\">\n\t\t\t\t<div class=\"elementor-widget-container\">\n\t\t\t\t\t<h2 class=\"elementor-heading-title elementor-size-default\">Avez-vous besoin d'aide ?<\/h2>\t\t\t\t<\/div>\n\t\t\t\t<\/div>\n\t\t\t\t<div class=\"elementor-element elementor-element-044951d elementor-widget elementor-widget-heading\" data-id=\"044951d\" data-element_type=\"widget\" data-widget_type=\"heading.default\">\n\t\t\t\t<div class=\"elementor-widget-container\">\n\t\t\t\t\t<h5 class=\"elementor-heading-title elementor-size-default\">Remplissez le formulaire ci-dessous et nous vous apporterons l'aide dont vous avez besoin dans les plus brefs d\u00e9lais.<\/h5>\t\t\t\t<\/div>\n\t\t\t\t<\/div>\n\t\t\t\t<\/div>\n\t\t\t\t<div class=\"elementor-element elementor-element-feac263 elementor-button-align-start elementor-widget elementor-widget-form\" data-id=\"feac263\" data-element_type=\"widget\" data-settings=\"{&quot;step_next_label&quot;:&quot;Next&quot;,&quot;step_previous_label&quot;:&quot;Anterior&quot;,&quot;button_width&quot;:&quot;100&quot;,&quot;step_type&quot;:&quot;number_text&quot;,&quot;step_icon_shape&quot;:&quot;circle&quot;}\" data-widget_type=\"form.default\">\n\t\t\t\t<div class=\"elementor-widget-container\">\n\t\t\t\t\t\t\t<form class=\"elementor-form\" method=\"post\" name=\"Contactos\" aria-label=\"Contact\" action=\"\">\n\t\t\t<input type=\"hidden\" name=\"post_id\" value=\"17\"\/>\n\t\t\t<input type=\"hidden\" name=\"form_id\" value=\"feac263\"\/>\n\t\t\t<input type=\"hidden\" name=\"referer_title\" value=\"\" \/>\n\n\t\t\t\n\t\t\t<div class=\"elementor-form-fields-wrapper elementor-labels-\">\n\t\t\t\t\t\t\t\t<div class=\"elementor-field-type-text elementor-field-group elementor-column elementor-field-group-nome elementor-col-100\">\n\t\t\t\t\t\t\t\t\t\t\t\t<label for=\"form-field-nome\" class=\"elementor-field-label elementor-screen-only\">\n\t\t\t\t\t\t\t\tNom\t\t\t\t\t\t\t<\/label>\n\t\t\t\t\t\t\t\t\t\t\t\t\t\t<input size=\"1\" type=\"text\" name=\"form_fields[nome]\" id=\"form-field-nome\" class=\"elementor-field elementor-size-md  elementor-field-textual\" placeholder=\"Nom\">\n\t\t\t\t\t\t\t\t\t\t\t<\/div>\n\t\t\t\t\t\t\t\t<div class=\"elementor-field-type-email elementor-field-group elementor-column elementor-field-group-email elementor-col-50 elementor-field-required\">\n\t\t\t\t\t\t\t\t\t\t\t\t<label for=\"form-field-email\" class=\"elementor-field-label elementor-screen-only\">\n\t\t\t\t\t\t\t\tCourriel\t\t\t\t\t\t\t<\/label>\n\t\t\t\t\t\t\t\t\t\t\t\t\t\t<input size=\"1\" type=\"email\" name=\"form_fields[email]\" id=\"form-field-email\" class=\"elementor-field elementor-size-md  elementor-field-textual\" placeholder=\"Courriel\" required=\"required\">\n\t\t\t\t\t\t\t\t\t\t\t<\/div>\n\t\t\t\t\t\t\t\t<div class=\"elementor-field-type-tel elementor-field-group elementor-column elementor-field-group-telemovel elementor-col-50\">\n\t\t\t\t\t\t\t\t\t\t\t\t<label for=\"form-field-telemovel\" class=\"elementor-field-label elementor-screen-only\">\n\t\t\t\t\t\t\t\tT\u00e9l\t\t\t\t\t\t\t<\/label>\n\t\t\t\t\t\t\t\t<input size=\"1\" type=\"tel\" name=\"form_fields[telemovel]\" id=\"form-field-telemovel\" class=\"elementor-field elementor-size-md  elementor-field-textual\" placeholder=\"t\u00e9l\u00e9phone portable\" pattern=\"[0-9()#&amp;+*-=.]+\" title=\"Seuls les caract\u00e8res des num\u00e9ros de t\u00e9l\u00e9phone (#, -, *, etc.) sont accept\u00e9s.\">\n\n\t\t\t\t\t\t<\/div>\n\t\t\t\t\t\t\t\t<div class=\"elementor-field-type-text elementor-field-group elementor-column elementor-field-group-assunto elementor-col-100 elementor-field-required\">\n\t\t\t\t\t\t\t\t\t\t\t\t<label for=\"form-field-assunto\" class=\"elementor-field-label elementor-screen-only\">\n\t\t\t\t\t\t\t\tSujet\t\t\t\t\t\t\t<\/label>\n\t\t\t\t\t\t\t\t\t\t\t\t\t\t<input size=\"1\" type=\"text\" name=\"form_fields[assunto]\" id=\"form-field-assunto\" class=\"elementor-field elementor-size-md  elementor-field-textual\" placeholder=\"Sujet\" required=\"required\">\n\t\t\t\t\t\t\t\t\t\t\t<\/div>\n\t\t\t\t\t\t\t\t<div class=\"elementor-field-type-select elementor-field-group elementor-column elementor-field-group-regiao elementor-col-100 elementor-field-required\">\n\t\t\t\t\t\t\t\t\t\t\t\t<label for=\"form-field-regiao\" class=\"elementor-field-label elementor-screen-only\">\n\t\t\t\t\t\t\t\tR\u00e9gion\t\t\t\t\t\t\t<\/label>\n\t\t\t\t\t\t\t\t<div class=\"elementor-field elementor-select-wrapper remove-before\">\n\t\t\t<div class=\"select-caret-down-wrapper\">\n\t\t\t\t<svg aria-hidden=\"true\" class=\"e-font-icon-svg e-eicon-caret-down\" viewbox=\"0 0 571.4 571.4\" xmlns=\"http:\/\/www.w3.org\/2000\/svg\"><path d=\"M571 393Q571 407 561 418L311 668Q300 679 286 679T261 668L11 418Q0 407 0 393T11 368 36 357H536Q550 357 561 368T571 393Z\"><\/path><\/svg>\t\t\t<\/div>\n\t\t\t<select name=\"form_fields[regiao]\" id=\"form-field-regiao\" class=\"elementor-field-textual elementor-size-md\" required=\"required\">\n\t\t\t\t\t\t\t\t\t<option value=\"Algarve\">Algarve<\/option>\n\t\t\t\t\t\t\t\t\t<option value=\"F\u00e1tima\">Fatima<\/option>\n\t\t\t\t\t\t\t\t\t<option value=\"Alentejo\">Alentejo<\/option>\n\t\t\t\t\t\t\t<\/select>\n\t\t<\/div>\n\t\t\t\t\t\t<\/div>\n\t\t\t\t\t\t\t\t<div class=\"elementor-field-type-textarea elementor-field-group elementor-column elementor-field-group-mensagem elementor-col-100\">\n\t\t\t\t\t\t\t\t\t\t\t\t<label for=\"form-field-mensagem\" class=\"elementor-field-label elementor-screen-only\">\n\t\t\t\t\t\t\t\tMessage\t\t\t\t\t\t\t<\/label>\n\t\t\t\t\t\t<textarea class=\"elementor-field-textual elementor-field  elementor-size-md\" name=\"form_fields[mensagem]\" id=\"form-field-mensagem\" rows=\"4\" placeholder=\"Message\"><\/textarea>\t\t\t\t<\/div>\n\t\t\t\t\t\t\t\t<div class=\"elementor-field-type-acceptance elementor-field-group elementor-column elementor-field-group-rgpd elementor-col-100 elementor-field-required\">\n\t\t\t\t\t\t\t\t\t\t\t\t<label for=\"form-field-rgpd\" class=\"elementor-field-label elementor-screen-only\">\n\t\t\t\t\t\t\t\tGDPR\t\t\t\t\t\t\t<\/label>\n\t\t\t\t\t\t\t\t<div class=\"elementor-field-subgroup\">\n\t\t\t<span class=\"elementor-field-option\">\n\t\t\t\t<input type=\"checkbox\" name=\"form_fields[rgpd]\" id=\"form-field-rgpd\" class=\"elementor-field elementor-size-md  elementor-acceptance-field\" required=\"required\" checked=\"checked\">\n\t\t\t\t<label for=\"form-field-rgpd\">J'accepte les termes et conditions<\/label>\t\t\t<\/span>\n\t\t<\/div>\n\t\t\t\t\t\t<\/div>\n\t\t\t\t\t\t\t\t<div class=\"elementor-field-type-recaptcha_v3 elementor-field-group elementor-column elementor-field-group-field_a1f2a9f elementor-col-100 recaptcha_v3-bottomright\">\n\t\t\t\t\t<div class=\"elementor-field\" id=\"form-field-field_a1f2a9f\"><div class=\"elementor-g-recaptcha\" data-sitekey=\"6Lf0pSErAAAAAPflJo3uHEXVjChpeEGR__eZPJdh\" data-type=\"v3\" data-action=\"Form\" data-badge=\"bottomright\" data-size=\"invisible\"><\/div><\/div>\t\t\t\t<\/div>\n\t\t\t\t\t\t\t\t<div class=\"elementor-field-group elementor-column elementor-field-type-submit elementor-col-100 e-form__buttons\">\n\t\t\t\t\t<button class=\"elementor-button elementor-size-md\" type=\"submit\">\n\t\t\t\t\t\t<span class=\"elementor-button-content-wrapper\">\n\t\t\t\t\t\t\t\t\t\t\t\t\t\t\t\t\t\t\t\t\t\t<span class=\"elementor-button-text\">Envoyer un message<\/span>\n\t\t\t\t\t\t\t\t\t\t\t\t\t<\/span>\n\t\t\t\t\t<\/button>\n\t\t\t\t<\/div>\n\t\t\t<\/div>\n\t\t<input type=\"hidden\" name=\"trp-form-language\" value=\"fr\"\/><\/form>\n\t\t\t\t\t\t<\/div>\n\t\t\t\t<\/div>\n\t\t\t\t<\/div>\n\t\t<div class=\"elementor-element elementor-element-113cd12 e-con-full e-flex e-con e-child\" data-id=\"113cd12\" data-element_type=\"container\" data-settings=\"{&quot;jet_parallax_layout_list&quot;:[]}\">\n\t\t<div class=\"elementor-element elementor-element-57a3229 e-con-full e-flex e-con e-child\" data-id=\"57a3229\" data-element_type=\"container\" data-settings=\"{&quot;jet_parallax_layout_list&quot;:[]}\">\n\t\t\t\t<div class=\"elementor-element elementor-element-8029c48 elementor-widget elementor-widget-heading\" data-id=\"8029c48\" data-element_type=\"widget\" data-widget_type=\"heading.default\">\n\t\t\t\t<div class=\"elementor-widget-container\">\n\t\t\t\t\t<h2 class=\"elementor-heading-title elementor-size-default\">Nous sommes l\u00e0 pour vous !<\/h2>\t\t\t\t<\/div>\n\t\t\t\t<\/div>\n\t\t\t\t<div class=\"elementor-element elementor-element-fa19f91 elementor-widget elementor-widget-heading\" data-id=\"fa19f91\" data-element_type=\"widget\" data-widget_type=\"heading.default\">\n\t\t\t\t<div class=\"elementor-widget-container\">\n\t\t\t\t\t<h5 class=\"elementor-heading-title elementor-size-default\">Vous avez des questions, vous souhaitez faire une r\u00e9servation ou en savoir plus sur nos unit\u00e9s ? <\/h5>\t\t\t\t<\/div>\n\t\t\t\t<\/div>\n\t\t\t\t<\/div>\n\t\t<div class=\"elementor-element elementor-element-7ed4932 e-con-full e-flex e-con e-child\" data-id=\"7ed4932\" data-element_type=\"container\" data-settings=\"{&quot;jet_parallax_layout_list&quot;:[]}\">\n\t\t\t\t<div class=\"elementor-element elementor-element-41f1825 elementor-widget elementor-widget-heading\" data-id=\"41f1825\" data-element_type=\"widget\" data-widget_type=\"heading.default\">\n\t\t\t\t<div class=\"elementor-widget-container\">\n\t\t\t\t\t<h3 class=\"elementor-heading-title elementor-size-default\">Courriel<\/h3>\t\t\t\t<\/div>\n\t\t\t\t<\/div>\n\t\t\t\t<div class=\"elementor-element elementor-element-c92a65e elementor-widget elementor-widget-heading\" data-id=\"c92a65e\" data-element_type=\"widget\" data-widget_type=\"heading.default\">\n\t\t\t\t<div class=\"elementor-widget-container\">\n\t\t\t\t\t<p class=\"elementor-heading-title elementor-size-default\"><a href=\"mailto:reservations@byumbral.com\"><a href=\"mailto:reservations@byumbral.com\">reservations@byumbral.com<\/a><\/a><\/p>\t\t\t\t<\/div>\n\t\t\t\t<\/div>\n\t\t\t\t<\/div>\n\t\t<div class=\"elementor-element elementor-element-81da481 e-con-full elementor-hidden-widescreen elementor-hidden-desktop elementor-hidden-laptop elementor-hidden-tablet_extra elementor-hidden-tablet elementor-hidden-mobile_extra elementor-hidden-mobile e-flex e-con e-child\" data-id=\"81da481\" data-element_type=\"container\" data-settings=\"{&quot;jet_parallax_layout_list&quot;:[]}\">\n\t\t<div class=\"elementor-element elementor-element-a1fa69d e-con-full e-flex e-con e-child\" data-id=\"a1fa69d\" data-element_type=\"container\" data-settings=\"{&quot;jet_parallax_layout_list&quot;:[]}\">\n\t\t\t\t<div class=\"elementor-element elementor-element-8bf0c95 elementor-widget elementor-widget-heading\" data-id=\"8bf0c95\" data-element_type=\"widget\" data-widget_type=\"heading.default\">\n\t\t\t\t<div class=\"elementor-widget-container\">\n\t\t\t\t\t<h3 class=\"elementor-heading-title elementor-size-default\">T\u00e9l\u00e9phone portable<\/h3>\t\t\t\t<\/div>\n\t\t\t\t<\/div>\n\t\t<div class=\"elementor-element elementor-element-41d69cd e-con-full e-flex e-con e-child\" data-id=\"41d69cd\" data-element_type=\"container\" data-settings=\"{&quot;jet_parallax_layout_list&quot;:[]}\">\n\t\t\t\t<div class=\"elementor-element elementor-element-c552921 elementor-widget elementor-widget-heading\" data-id=\"c552921\" data-element_type=\"widget\" data-widget_type=\"heading.default\">\n\t\t\t\t<div class=\"elementor-widget-container\">\n\t\t\t\t\t<p class=\"elementor-heading-title elementor-size-default\"><a href=\"tel:+351935288173\"><a href=\"tel:+351935 288173\">(+351) \u00a0935 288 173<\/a><\/a><\/p>\t\t\t\t<\/div>\n\t\t\t\t<\/div>\n\t\t\t\t<div class=\"elementor-element elementor-element-481dbb9 elementor-widget elementor-widget-heading\" data-id=\"481dbb9\" data-element_type=\"widget\" data-widget_type=\"heading.default\">\n\t\t\t\t<div class=\"elementor-widget-container\">\n\t\t\t\t\t<p class=\"elementor-heading-title elementor-size-default\">(Appel au r\u00e9seau national)<\/p>\t\t\t\t<\/div>\n\t\t\t\t<\/div>\n\t\t\t\t<\/div>\n\t\t\t\t<\/div>\n\t\t<div class=\"elementor-element elementor-element-3fe4416 e-con-full e-flex e-con e-child\" data-id=\"3fe4416\" data-element_type=\"container\" data-settings=\"{&quot;jet_parallax_layout_list&quot;:[]}\">\n\t\t\t\t<div class=\"elementor-element elementor-element-b380138 elementor-widget elementor-widget-heading\" data-id=\"b380138\" data-element_type=\"widget\" data-widget_type=\"heading.default\">\n\t\t\t\t<div class=\"elementor-widget-container\">\n\t\t\t\t\t<p class=\"elementor-heading-title elementor-size-default\">Tous les jours : 09h00 - 18h00<\/p>\t\t\t\t<\/div>\n\t\t\t\t<\/div>\n\t\t\t\t<\/div>\n\t\t\t\t<\/div>\n\t\t<div class=\"elementor-element elementor-element-cce5968 e-con-full e-flex e-con e-child\" data-id=\"cce5968\" data-element_type=\"container\" data-settings=\"{&quot;jet_parallax_layout_list&quot;:[]}\">\n\t\t\t\t<div class=\"elementor-element elementor-element-2b0e7aa elementor-widget elementor-widget-heading\" data-id=\"2b0e7aa\" data-element_type=\"widget\" data-widget_type=\"heading.default\">\n\t\t\t\t<div class=\"elementor-widget-container\">\n\t\t\t\t\t<h3 class=\"elementor-heading-title elementor-size-default\">R\u00e9seaux sociaux<\/h3>\t\t\t\t<\/div>\n\t\t\t\t<\/div>\n\t\t\t\t<div class=\"elementor-element elementor-element-5453676 e-grid-align-left e-grid-align-tablet-left elementor-shape-rounded elementor-grid-0 elementor-widget elementor-widget-social-icons\" data-id=\"5453676\" data-element_type=\"widget\" data-widget_type=\"social-icons.default\">\n\t\t\t\t<div class=\"elementor-widget-container\">\n\t\t\t\t\t\t\t<div class=\"elementor-social-icons-wrapper elementor-grid\" role=\"list\">\n\t\t\t\t\t\t\t<span class=\"elementor-grid-item\" role=\"listitem\">\n\t\t\t\t\t<a class=\"elementor-icon elementor-social-icon elementor-social-icon- elementor-repeater-item-8fd237d\" href=\"https:\/\/www.instagram.com\/byumbral\/\" target=\"_blank\" rel=\"noopener\">\n\t\t\t\t\t\t<span class=\"elementor-screen-only\"><\/span>\n\t\t\t\t\t\t<svg xmlns=\"http:\/\/www.w3.org\/2000\/svg\" xmlns:xlink=\"http:\/\/www.w3.org\/1999\/xlink\" width=\"32\" height=\"32\" viewbox=\"0 0 32 32\" fill=\"none\"><rect width=\"32\" height=\"32\" fill=\"url(#pattern0_81_1116)\"><\/rect><defs><pattern id=\"pattern0_81_1116\" patterncontentunits=\"objectBoundingBox\" width=\"1\" height=\"1\"><use xlink:href=\"#image0_81_1116\" transform=\"scale(0.01)\"><\/use><\/pattern><image id=\"image0_81_1116\" width=\"100\" height=\"100\" xlink:href=\"data:image\/png;base64,iVBORw0KGgoAAAANSUhEUgAAAGQAAABkCAYAAABw4pVUAAAACXBIWXMAAAsTAAALEwEAmpwYAAAFyElEQVR4nO2dTWxVRRTHnxihNQFjqWuRqkjiF\/gVdaFpCoqCJKTgx1pBxD2gIW79aozBj7BGTCMhxE3LR9wUwdogG6lE2ioRVlhcWF9iK+nPnHAa2\/G+R9+9c+\/MfTO\/5CVN03fn3Pn33pk5Z86ZSiUSiUQikUgkUlKAFcA24HPgG2AU+AOYwj+m1LZRtfUztf3uSpkBHgB6gIs0D78BHwL3V8oAcAPwPHCS5udb4Dm554qPAA8D3xMe3wGrK74AtAAfA1cJl6vAR8Ai12LcBZxx3Rse8QPQ4UqMR4HfXfeAh8gM7cmixVgLVF3fucf8BawpSozHtMFIfaq5Pyk6Zly5jiGR\/xgHluclxiIdtCKNcTqX2ZdObSPp6LEtxkOBrzOyIn23yqY7JMQVuG1O2hJkvXXTwuUZG4KE4CgsihM2XOghcxHoBhbrZxNwPuM178siiMQzQhajLaFP2oBLGa77fhZBmim41CjddfplC+m5kCXsGjKL6\/TNLRmvfWcaQV4nbJbkKMjWNIJIcD9kNtXpGxnos\/BJGkFkx4VvTAB9wE5dH8lr9VbgJv3Iz\/cAG4Bd+rfynTT8DCytMaiPZLyP42kE+RU\/mNaO3ZzGSachZhmE+\/VajXBJv7tEP90WxBDG0ggirmPXHLS55UbXVYdc35REWtMYP+nQ4BGgy5YQNSKeshHOFX+nMdoVB64z5ewAtgNf6gaLcd1tOKU\/n9FrbK8XHNJXUK+rmyyDINPA2zVsuRF4STenNTIOTOt3XgQW1Lj2HhzguyDScW\/UsKMLOGehjWGgs0YbOygY3wX535MBtAL7cmhL1lctrp8UnwU5kND2bcBQjm0OAu0J7faGLsiIOYBzTYyfCmh72BRFB\/qxkAXpSnhNDVEcg+brS6J6oQpyMKHNfRTPpwl2HA5NkGlzBa6zKVd0JqzoG3WzlFqQvoR1xjncMWyuU4AjIQkyJxoHvIx7thRpk0+C\/JkwkMpq2jUDCROMagiC9CX4pnJ9X88TsWGZYdtRAhBkp9GOOAF9YZth2+4QBFlvtCOeWV\/Yb9j2QgiCzEnA9yxH8bRhm4SDm16QpR5GJme4bNjWTgCCLPQoMlk3kqdJSrkQBZkfQQoSX1n4JciKEg3qK0MQZEOJpr0bQxBkl8cLw62GbW+FIEi\/0c5yj1wntxu2HQtBkImSOBdvDsW5mOTqlj1Xrtls2PRKno35Jkh\/QoBqGHf8mBCgys3T66Mg02YVNuAph2OJGcJ9MLQQrnDIkyShvQl2fJ13oz4KIqxNyOUYpDhOmTknwLoiGvZVkFEzl49rHtYixpOzCW4cyR38JWRBhN6EtttzflJO1UhX+4qC8FkQYU9C+y2yic1yOzJQ701KjQPeoUB8F0TYUcOOTkuvMJnaPl2jjTcpmDIIkvikqC0LNPlyIEXCzoAmjNZK2Cn0ySibIGhKQL2k\/WVaHP8LLZ83rlHHSS1bK7\/bL45Cc1tPwgAuSaWURRCXodUxK7Wlat\/buqJmUzaTPn3YfHBYVs0WhVhVxKIvr7Rol\/9B5jhwRB2QrSnuo1UdhUc9cfMLo81SWqOqHbtbo3krtdTFQv206e82anDpmKcVuFOV1pDTcCL5kKr4jMxkIvnwWhpBQi9glifpjrTQM5cidklX4k8FkQOwInZ5N4sg91o2JkKGMrEe7QhpFubsbEkriBwNF8khQpqlGL8cDRdxWWbcEGV1PK4i83EV1nxyM6LIOX2RdHxgVYxZySsSa4g0xpCZNWZTlA5P3PJl4TJwRy5izBLlkQzFiUOiCjyeqxizRFkTzzKsy0SeZW7rPSnySEbmIuc8PlGoGEayTRzo5w7g+Y4Z85x99QR+rN4\/MrXNbTaVBt3CH+IBYiekAl3FV4Bn1chmZ8CKb6ooxM0sB2BJQIbm4QLwnoQlKmVGzlySOLJunj6u9XqveFbnZIZJte282io2v5rq3KhIJBKJRCKRSMUP\/gWUMKw0oBVriwAAAABJRU5ErkJggg==\"><\/image><\/defs><\/svg>\t\t\t\t\t<\/a>\n\t\t\t\t<\/span>\n\t\t\t\t\t\t\t<span class=\"elementor-grid-item\" role=\"listitem\">\n\t\t\t\t\t<a class=\"elementor-icon elementor-social-icon elementor-social-icon- elementor-repeater-item-0373302\" href=\"https:\/\/www.facebook.com\/byumbral\/\" target=\"_blank\" rel=\"noopener\">\n\t\t\t\t\t\t<span class=\"elementor-screen-only\"><\/span>\n\t\t\t\t\t\t<svg xmlns=\"http:\/\/www.w3.org\/2000\/svg\" xmlns:xlink=\"http:\/\/www.w3.org\/1999\/xlink\" width=\"32\" height=\"32\" viewbox=\"0 0 32 32\" fill=\"none\"><rect width=\"32\" height=\"32\" fill=\"url(#pattern0_81_1115)\"><\/rect><defs><pattern id=\"pattern0_81_1115\" patterncontentunits=\"objectBoundingBox\" width=\"1\" height=\"1\"><use xlink:href=\"#image0_81_1115\" transform=\"scale(0.01)\"><\/use><\/pattern><image id=\"image0_81_1115\" width=\"100\" height=\"100\" xlink:href=\"data:image\/png;base64,iVBORw0KGgoAAAANSUhEUgAAAGQAAABkCAYAAABw4pVUAAAACXBIWXMAAAsTAAALEwEAmpwYAAACz0lEQVR4nO2du2pUURSGF\/GCYGWploKC5gWsbOxEjWj0bSQQNFF8AGuvVTofwM5OsdF4iY1gHxLEyk82DhhlYM\/krHPm387\/PcG\/1rfOWWfODLMjjDHGGGOMMaYBgMPALeAZsAnsYnZHvSg9uVl6NJSM68CW+1\/lM3CtTxEHgAf1HOYf7gMLfQixjP1zr4\/blOnGUuYCL\/dD040vKYt+9DRlcljOEPI8KYyBJxlCPrqTaWxmCNnJyzP37GQIMYlYiBgWIoaFiGEhYliIGBYihoWIYSFiWIgYFjKet8Bt4AJwGjgKHASOAWeAS+VLJeAN8JNELORvSoPPT\/nq6BywQRIW8oe75XcBs36nZyG\/We\/aCJKwENjo3AQLSWMbOGkhOqxmyPAVkkN5XD1lITq8zJLhKySHOxbS6C8FgUXgIfAa+Ap87yuUzKU6A85OWN9F4MdQoeZZyPEJ63s1ZKh5FnJkwvp6uz2NY26FhGh9FlLBQsQmEdFcMoGzUK3PQipYiNgkIppLJvBghU3XgxMyuRElBgS4LJMbUWJAgBWZ3IgSAwK8kMmNKDEgwDeZ3IgSDS70lNyIEg0u9JTciBINLvSU3IgSDS70lNyIEg0u9JTcNEqI1mchFSxEbBIRzSUTOAvV+iykgoWITSKiuWQCZ6Fan4VUsBCxSUQ0l0zgLFTrs5AKFiI2iYjmkgmchWp9FlLBQsQmEdFcMoGzUK3PQipYiNgkIppLJnAWqvVZSAULEZtERHPJBM5CtT4LqWAhYpOIaK7\/7kCX0BSynSHkAw0SmkLeZwh5SoOEppBHGULKQbvNEZpCbmQIOQR8ojFCT8hW2gnS5dRjGiO0hJT\/f7ySImNP8HLqsdkfa6kyRkIWRn9Qb6a7MtZ7Ob57j5ilFnfKDCgnpF7tTcSYRb9cznYtz9atfnhMpvTgHfC4PE2VHg0iwxhjjDHGGGOiG78An9kfoaMixioAAAAASUVORK5CYII=\"><\/image><\/defs><\/svg>\t\t\t\t\t<\/a>\n\t\t\t\t<\/span>\n\t\t\t\t\t<\/div>\n\t\t\t\t\t\t<\/div>\n\t\t\t\t<\/div>\n\t\t\t\t<\/div>\n\t\t\t\t<\/div>\n\t\t\t\t<\/div>\n\t\t\t\t<\/div>\n\t\t\t\t\t<\/div>\n\t\t\t\t<\/div>\n\t\t\t\t<\/div>","protected":false},"excerpt":{"rendered":"<p>Parlons-en ? Contacts Besoin d'aide ? Remplissez le formulaire ci-dessous et nous vous apporterons l'aide dont vous avez besoin dans les plus brefs d\u00e9lais. Nous sommes l\u00e0 pour vous ! Vous avez des questions, vous voulez faire une r\u00e9servation ou en savoir plus sur nos unit\u00e9s ? Email reservations@byumbral.com Mobile (+351) 935 288 173 (Appel r\u00e9seau national) Tous les jours : 09:00H - [...]<\/p>","protected":false},"author":1,"featured_media":0,"parent":0,"menu_order":0,"comment_status":"closed","ping_status":"closed","template":"","meta":{"footnotes":""},"class_list":["post-17","page","type-page","status-publish","hentry"],"_links":{"self":[{"href":"https:\/\/byumbral.com\/fr\/wp-json\/wp\/v2\/pages\/17","targetHints":{"allow":["GET"]}}],"collection":[{"href":"https:\/\/byumbral.com\/fr\/wp-json\/wp\/v2\/pages"}],"about":[{"href":"https:\/\/byumbral.com\/fr\/wp-json\/wp\/v2\/types\/page"}],"author":[{"embeddable":true,"href":"https:\/\/byumbral.com\/fr\/wp-json\/wp\/v2\/users\/1"}],"replies":[{"embeddable":true,"href":"https:\/\/byumbral.com\/fr\/wp-json\/wp\/v2\/comments?post=17"}],"version-history":[{"count":0,"href":"https:\/\/byumbral.com\/fr\/wp-json\/wp\/v2\/pages\/17\/revisions"}],"wp:attachment":[{"href":"https:\/\/byumbral.com\/fr\/wp-json\/wp\/v2\/media?parent=17"}],"curies":[{"name":"wp","href":"https:\/\/api.w.org\/{rel}","templated":true}]}}